{"id":750,"date":"2023-01-11T15:32:49","date_gmt":"2023-01-11T15:32:49","guid":{"rendered":"http:\/\/thestudenttraveller.dk\/?page_id=750"},"modified":"2023-01-31T19:23:04","modified_gmt":"2023-01-31T19:23:04","slug":"mangler-du-rejseinspiration-2-2","status":"publish","type":"page","link":"https:\/\/thestudenttraveller.dk\/index.php\/mangler-du-rejseinspiration-2-2\/","title":{"rendered":"Mangler du rejseinspiration?"},"content":{"rendered":"\n<p>Mangler du inspiration til din n\u00e6ste rejse? Eller vil du bare gerne dr\u00f8mme dig lidt v\u00e6k? S\u00e5 er du kommet til det rette sted! Her kan du finde alt fra mine favorit restauranter, til mine favorit hoteller, til mine favorit film locations jeg har bes\u00f8gt, og meget mere! God l\u00e6selyst:) <\/p>\n\n\n\n<div class=\"wp-block-columns is-layout-flex wp-container-core-columns-is-layout-9d6595d7 wp-block-columns-is-layout-flex\">\n<div class=\"wp-block-column is-layout-flow wp-block-column-is-layout-flow\"><\/div>\n\n\n\n<div class=\"wp-block-column is-layout-flow wp-block-column-is-layout-flow\"><\/div>\n<\/div>\n","protected":false},"excerpt":{"rendered":"<p>Mangler du inspiration til din n\u00e6ste rejse? Eller vil du bare gerne dr\u00f8mme dig lidt v\u00e6k? S\u00e5 er du kommet til det rette sted! Her kan du finde alt fra mine favorit restauranter, til mine favorit hoteller, til mine favorit film locations jeg har bes\u00f8gt, og meget mere! God l\u00e6selyst:)<\/p>\n","protected":false},"author":1,"featured_media":0,"parent":0,"menu_order":0,"comment_status":"closed","ping_status":"closed","template":"","meta":{"_editorskit_title_hidden":false,"_editorskit_reading_time":1,"_editorskit_is_block_options_detached":false,"_editorskit_block_options_position":"{}","om_disable_all_campaigns":false,"inline_featured_image":false,"_monsterinsights_skip_tracking":false,"_monsterinsights_sitenote_active":false,"_monsterinsights_sitenote_note":"","_monsterinsights_sitenote_category":0,"footnotes":""},"class_list":["post-750","page","type-page","status-publish","hentry"],"featured_media_urls":[],"_links":{"self":[{"href":"https:\/\/thestudenttraveller.dk\/index.php\/wp-json\/wp\/v2\/pages\/750","targetHints":{"allow":["GET"]}}],"collection":[{"href":"https:\/\/thestudenttraveller.dk\/index.php\/wp-json\/wp\/v2\/pages"}],"about":[{"href":"https:\/\/thestudenttraveller.dk\/index.php\/wp-json\/wp\/v2\/types\/page"}],"author":[{"embeddable":true,"href":"https:\/\/thestudenttraveller.dk\/index.php\/wp-json\/wp\/v2\/users\/1"}],"replies":[{"embeddable":true,"href":"https:\/\/thestudenttraveller.dk\/index.php\/wp-json\/wp\/v2\/comments?post=750"}],"version-history":[{"count":3,"href":"https:\/\/thestudenttraveller.dk\/index.php\/wp-json\/wp\/v2\/pages\/750\/revisions"}],"predecessor-version":[{"id":1219,"href":"https:\/\/thestudenttraveller.dk\/index.php\/wp-json\/wp\/v2\/pages\/750\/revisions\/1219"}],"wp:attachment":[{"href":"https:\/\/thestudenttraveller.dk\/index.php\/wp-json\/wp\/v2\/media?parent=750"}],"curies":[{"name":"wp","href":"https:\/\/api.w.org\/{rel}","templated":true}]}}